{"id":409,"date":"2022-03-26T22:11:18","date_gmt":"2022-03-26T21:11:18","guid":{"rendered":"http:\/\/freinberger.com\/union\/?page_id=409"},"modified":"2022-03-26T22:15:16","modified_gmt":"2022-03-26T21:15:16","slug":"verhaltensregeln","status":"publish","type":"page","link":"https:\/\/freinberger.com\/union\/ueber-uns\/verhaltensregeln\/","title":{"rendered":"Verhaltensregeln"},"content":{"rendered":"\n<h2>Ben\u00fctzungsrichtlinien der Tennisanlage UTC Leonhofen <\/h2>\n\n\n\n<p><strong>Grunds\u00e4tzliches: <br><\/strong>Die Ben\u00fctzung der Anlage ist f\u00fcr Mitglieder nur nach Bezahlung des Mitgliedsbeitrages erlaubt. F\u00fcr Gastspieler ist eine erfolgte Bezahlung der Platzmiete sowie die Onlineregistrierung Voraussetzung f\u00fcr die Ben\u00fctzung.<br>Im Normalfall ist die Anlage nicht beaufsichtigt, somit betritt jeder Spieler\/Spielerin bzw. das Publikum die Anlage auf eigene Gefahr. F\u00fcr Kinder haften die Erziehungsberechtigten. Die Vereinsleitung vertraut und erwartet von allen Mitgliedern einen verantwortungsvollen und ressourcenschonenden Umgang mit der Anlage. Ein Grundwissen \u00fcber die Ben\u00fctzung eines Tennisplatzes wird vorausgesetzt.<\/p>\n\n\n\n<p><br><strong>Tennispl\u00e4tze, Kantine:<\/strong><\/p>\n\n\n\n<ul><li>Jeder Platz ist vor der Ben\u00fctzung online zu reservieren. \uf0d8 Die Tennisb\u00e4lle sind grunds\u00e4tzlich von den Spielern\/Spielerinnen mitzubringen.<\/li><li>Die Tennispl\u00e4tze sind von den Spielern\/Spielerinnen vor dem Spiel auf ihren Feuchtigkeitsgehalt zu pr\u00fcfen.<\/li><li>Ist der Platz zu trocken, so ist dieser vor dem Spiel (auch w\u00e4hrend des Spiels) mittels Bew\u00e4sserungsanlage zu bew\u00e4ssern. Bei Wind ist der Bew\u00e4sserungsschlauch zu verwenden.<\/li><li>Ist der Platz zu nass, darf dieser nicht bespielt werden, da sonst der Platz besch\u00e4digt wird.<\/li><li>Nach dem Spiel ist der Platz mit dem vorhandenen Abziehnetz abzuziehen. Gr\u00f6bere Besch\u00e4digungen sind mit einem Abzieheisen zu reparieren. Der Platz sollte beim Verlassen der Anlage im gleichen Zustand wie vor dem Spiel sein.<\/li><li>Die Abziehnetze sind nach dem Abziehen wieder auf die daf\u00fcr vorgesehenen Vorrichtungen am Zaun aufzuh\u00e4ngen (ausgenommen Kinder deren K\u00f6rpergr\u00f6\u00dfe daf\u00fcr noch nicht ausreicht).<\/li><li>Die Kantine ist auf Selbstbedienung ausgelegt. Die Bezahlung der Konsumation ist in Bar zu leisten oder in ein Lattenzaunprotokoll (Getr\u00e4nkeliste) einzutragen.<\/li><\/ul>\n\n\n\n<p><br>Die Vereinsleitung bittet um Einhaltung der Regeln um den Arbeitsaufwand f\u00fcr die Instandhaltung der Pl\u00e4tze in Grenzen zu halten und um die Qualit\u00e4t der Anlage erhalten zu k\u00f6nnen.<br><\/p>\n\n\n\n<p>Die Vereinsleitung<\/p>\n","protected":false},"excerpt":{"rendered":"<p>Ben\u00fctzungsrichtlinien der Tennisanlage UTC Leonhofen Grunds\u00e4tzliches: Die Ben\u00fctzung der Anlage ist f\u00fcr Mitglieder nur nach Bezahlung des Mitgliedsbeitrages erlaubt. F\u00fcr Gastspieler ist eine erfolgte Bezahlung der Platzmiete sowie die Onlineregistrierung Voraussetzung f\u00fcr die Ben\u00fctzung.Im Normalfall ist die Anlage nicht beaufsichtigt, somit betritt jeder Spieler\/Spielerin bzw. das Publikum die Anlage auf eigene Gefahr. F\u00fcr Kinder haften [&hellip;]<\/p>\n","protected":false},"author":1,"featured_media":0,"parent":207,"menu_order":2,"comment_status":"closed","ping_status":"closed","template":"","meta":[],"_links":{"self":[{"href":"https:\/\/freinberger.com\/union\/wp-json\/wp\/v2\/pages\/409"}],"collection":[{"href":"https:\/\/freinberger.com\/union\/wp-json\/wp\/v2\/pages"}],"about":[{"href":"https:\/\/freinberger.com\/union\/wp-json\/wp\/v2\/types\/page"}],"author":[{"embeddable":true,"href":"https:\/\/freinberger.com\/union\/wp-json\/wp\/v2\/users\/1"}],"replies":[{"embeddable":true,"href":"https:\/\/freinberger.com\/union\/wp-json\/wp\/v2\/comments?post=409"}],"version-history":[{"count":2,"href":"https:\/\/freinberger.com\/union\/wp-json\/wp\/v2\/pages\/409\/revisions"}],"predecessor-version":[{"id":411,"href":"https:\/\/freinberger.com\/union\/wp-json\/wp\/v2\/pages\/409\/revisions\/411"}],"up":[{"embeddable":true,"href":"https:\/\/freinberger.com\/union\/wp-json\/wp\/v2\/pages\/207"}],"wp:attachment":[{"href":"https:\/\/freinberger.com\/union\/wp-json\/wp\/v2\/media?parent=409"}],"curies":[{"name":"wp","href":"https:\/\/api.w.org\/{rel}","templated":true}]}}