{"id":286,"date":"2020-04-24T12:09:08","date_gmt":"2020-04-24T10:09:08","guid":{"rendered":"http:\/\/freinberger.com\/union\/?page_id=286"},"modified":"2026-03-20T08:38:04","modified_gmt":"2026-03-20T07:38:04","slug":"mitglied-werden","status":"publish","type":"page","link":"https:\/\/freinberger.com\/union\/mitglied-werden\/","title":{"rendered":"Mitglied werden"},"content":{"rendered":"\n<p>M\u00f6chtest du Mitglied werden?&nbsp;<\/p>\n\n\n\n<p>Unsere Mitgliedsbeitr\u00e4ge sind:<\/p>\n\n\n\n<p>Erwachsener EUR 140,00<br>Jugendliche\/Studenten: 70\u20ac<br>Kinder bis 15 Jahre EUR 30,00<br>Familienbeitrag (Eltern und Kinder bis Ende Lehrzeit\/Studium) EUR 290,00\u00a0<\/p>\n\n\n\n<p>Falls du Interesse hast , bitte sende deine Daten (Name, Adresse, Geburtsdatum, Emailadresse und Telefonnummer) an\u00a0<a href=\"mailto:ellihandl@gmx.at\">ellihandl@gmx.at<\/a><\/p>\n\n\n\n<p>Wir freuen uns \u00fcber jeden Neuzugang. Qualifizierte Trainer und \u00dcbungsleiter helfen dir gerne dabei auf das n\u00e4chste Level zu kommen.<\/p>\n","protected":false},"excerpt":{"rendered":"<p>M\u00f6chtest du Mitglied werden?&nbsp; Unsere Mitgliedsbeitr\u00e4ge sind: Erwachsener EUR 140,00Jugendliche\/Studenten: 70\u20acKinder bis 15 Jahre EUR 30,00Familienbeitrag (Eltern und Kinder bis Ende Lehrzeit\/Studium) EUR 290,00\u00a0 Falls du Interesse hast , bitte sende deine Daten (Name, Adresse, Geburtsdatum, Emailadresse und Telefonnummer) an\u00a0ellihandl@gmx.at Wir freuen uns \u00fcber jeden Neuzugang. Qualifizierte Trainer und \u00dcbungsleiter helfen dir gerne dabei auf [&hellip;]<\/p>\n","protected":false},"author":1,"featured_media":287,"parent":0,"menu_order":0,"comment_status":"closed","ping_status":"closed","template":"","meta":[],"_links":{"self":[{"href":"https:\/\/freinberger.com\/union\/wp-json\/wp\/v2\/pages\/286"}],"collection":[{"href":"https:\/\/freinberger.com\/union\/wp-json\/wp\/v2\/pages"}],"about":[{"href":"https:\/\/freinberger.com\/union\/wp-json\/wp\/v2\/types\/page"}],"author":[{"embeddable":true,"href":"https:\/\/freinberger.com\/union\/wp-json\/wp\/v2\/users\/1"}],"replies":[{"embeddable":true,"href":"https:\/\/freinberger.com\/union\/wp-json\/wp\/v2\/comments?post=286"}],"version-history":[{"count":4,"href":"https:\/\/freinberger.com\/union\/wp-json\/wp\/v2\/pages\/286\/revisions"}],"predecessor-version":[{"id":511,"href":"https:\/\/freinberger.com\/union\/wp-json\/wp\/v2\/pages\/286\/revisions\/511"}],"wp:featuredmedia":[{"embeddable":true,"href":"https:\/\/freinberger.com\/union\/wp-json\/wp\/v2\/media\/287"}],"wp:attachment":[{"href":"https:\/\/freinberger.com\/union\/wp-json\/wp\/v2\/media?parent=286"}],"curies":[{"name":"wp","href":"https:\/\/api.w.org\/{rel}","templated":true}]}}